{"id":183,"date":"2016-03-10T09:22:08","date_gmt":"2016-03-10T09:22:08","guid":{"rendered":"http:\/\/okthemes.com\/villenoirdemo\/?page_id=183"},"modified":"2021-06-14T17:28:29","modified_gmt":"2021-06-14T17:28:29","slug":"contact","status":"publish","type":"page","link":"https:\/\/vin8.is\/en\/contact\/","title":{"rendered":"Contact"},"content":{"rendered":"<div data-vc-full-width=\"true\" data-vc-full-width-init=\"false\" class=\"vc_row wpb_row vc_row-fluid vc_custom_1623691654354 vc_row-has-fill vc_row-o-full-height vc_row-o-columns-top vc_row-flex\"><div class=\"wpb_column vc_column_container vc_col-sm-6\"><div class=\"vc_column-inner\"><div class=\"wpb_wrapper\">\n\t<div class=\"gg-infobox\" style=\"text-align:left;\">\n\t\t<p class=\"subtitle\" >sendu okkur t\u00f6lvup\u00f3st e\u00f0a fylltu \u00fat formi\u00f0<\/p>\n\t\t<div class=\"description\" style=\"color: #ffffff;\"><p>vin8@vin8.is<\/p>\n<\/div>\n\t<\/div> <\/div><\/div><\/div><div class=\"wpb_column vc_column_container vc_col-sm-6\"><div class=\"vc_column-inner\"><div class=\"wpb_wrapper\">\n\t\r\n\r\n<form class=\"contact-form-mini\"\r\n    data-fv-addons=\"mandatoryIcon\"\r\n    data-fv-addons-mandatoryicon-icon=\"fa fa-asterisk\"\r\n\r\n    data-fv-message=\"This value is not valid\" \r\n    data-fv-feedbackicons-valid=\"fa fa-check\" \r\n    data-fv-feedbackicons-invalid=\"fa fa-times\" \r\n    data-fv-feedbackicons-validating=\"fa fa-refresh\" action=\"\">\r\n\r\n\t<div id=\"cmf-msg\"><\/div><!-- Message display -->\r\n\r\n    <div class=\"form-group\">\r\n        <label class=\"sr-only\" for=\"name\">Name<\/label>\r\n        <input placeholder=\"Name\" data-fv-notempty=\"true\" data-fv-notempty-message=\"The name is required and cannot be empty\" type=\"text\" name=\"name\" id=\"name\" value=\"\" class=\"form-control\" data-fv-addons=\"mandatoryIcon\" data-fv-addons-mandatoryicon-icon=\"glyphicon glyphicon-asterisk\" \/>\r\n    <\/div>    \r\n    <div class=\"form-group\">    \r\n        <label class=\"sr-only\" for=\"email\">Email<\/label>\r\n        <input placeholder=\"Email\" data-fv-notempty=\"true\" data-fv-notempty-message=\"The email is required and cannot be empty\" data-fv-emailaddress=\"true\" data-fv-emailaddress-message=\"The input is not a valid email address\" type=\"text\" name=\"email\" id=\"email\" value=\"\" class=\"form-control\" data-fv-addons=\"mandatoryIcon\" data-fv-addons-mandatoryicon-icon=\"glyphicon glyphicon-asterisk\" \/>\r\n    <\/div>\r\n    <div class=\"form-group\">    \r\n        <label class=\"sr-only\" for=\"message\">Message<\/label>\r\n        <textarea placeholder=\"Message\" data-fv-notempty=\"true\" data-fv-notempty-message=\"The message is required and cannot be empty\" name=\"message\" id=\"message\" rows=\"11\" class=\"form-control\" data-fv-addons=\"mandatoryIcon\" data-fv-addons-mandatoryicon-icon=\"glyphicon glyphicon-asterisk\"><\/textarea>\r\n    <\/div>\r\n        <input name=\"action\" type=\"hidden\" value=\"cmf_action\" \/>\r\n        <input name=\"form_id\" type=\"hidden\" value=\"183\" \/>\r\n      \t<input type=\"hidden\" id=\"_cmf_nonce\" name=\"_cmf_nonce\" value=\"f8d56c64d4\" \/><input type=\"hidden\" name=\"_wp_http_referer\" value=\"\/en\/wp-json\/wp\/v2\/pages\/183\" \/>    <div class=\"form-group\">\r\n     \t<button type=\"submit\" id=\"cmfs\" class=\"btn btn-default pull-right\">Send<\/button>\r\n    <\/div>\r\n    <\/ul>\r\n<input type=\"hidden\" name=\"trp-form-language\" value=\"en\"\/><\/form>\r\n<div class=\"vc_empty_space\"   style=\"height: 90px\"><span class=\"vc_empty_space_inner\"><\/span><\/div><\/div><\/div><\/div><\/div><div class=\"vc_row-full-width vc_clearfix\"><\/div>","protected":false},"excerpt":{"rendered":"sendu okkur t\u00f6lvup\u00f3st e\u00f0a fylltu \u00fat formi\u00f0 vin8@vin8.is Name Email Message Send","protected":false},"author":1,"featured_media":1340,"parent":0,"menu_order":0,"comment_status":"closed","ping_status":"closed","template":"theme-templates\/contact.php","meta":[],"_links":{"self":[{"href":"https:\/\/vin8.is\/en\/wp-json\/wp\/v2\/pages\/183"}],"collection":[{"href":"https:\/\/vin8.is\/en\/wp-json\/wp\/v2\/pages"}],"about":[{"href":"https:\/\/vin8.is\/en\/wp-json\/wp\/v2\/types\/page"}],"author":[{"embeddable":true,"href":"https:\/\/vin8.is\/en\/wp-json\/wp\/v2\/users\/1"}],"replies":[{"embeddable":true,"href":"https:\/\/vin8.is\/en\/wp-json\/wp\/v2\/comments?post=183"}],"version-history":[{"count":14,"href":"https:\/\/vin8.is\/en\/wp-json\/wp\/v2\/pages\/183\/revisions"}],"predecessor-version":[{"id":1345,"href":"https:\/\/vin8.is\/en\/wp-json\/wp\/v2\/pages\/183\/revisions\/1345"}],"wp:featuredmedia":[{"embeddable":true,"href":"https:\/\/vin8.is\/en\/wp-json\/wp\/v2\/media\/1340"}],"wp:attachment":[{"href":"https:\/\/vin8.is\/en\/wp-json\/wp\/v2\/media?parent=183"}],"curies":[{"name":"wp","href":"https:\/\/api.w.org\/{rel}","templated":true}]}}