{"id":193,"date":"2016-03-10T10:44:30","date_gmt":"2016-03-10T10:44:30","guid":{"rendered":"http:\/\/okthemes.com\/villenoirdemo\/?page_id=193"},"modified":"2021-06-25T12:20:50","modified_gmt":"2021-06-25T12:20:50","slug":"homepage","status":"publish","type":"page","link":"https:\/\/vin8.is\/en\/","title":{"rendered":"Homepage"},"content":{"rendered":"<div data-vc-full-width=\"true\" data-vc-full-width-init=\"false\" data-vc-stretch-content=\"true\" class=\"vc_row wpb_row vc_row-fluid gg-force-background-left vc_custom_1624450840917 vc_row-has-fill vc_row-no-padding vc_row-o-equal-height vc_row-o-content-middle vc_row-flex\"><div class=\"wpb_column vc_column_container vc_col-sm-12 vc_col-lg-6 vc_col-md-6\"><div class=\"vc_column-inner\"><div class=\"wpb_wrapper\">\n\t<div  class=\"wpb_single_image wpb_content_element vc_align_left  vc_custom_1624450778101\">\n\t\t\n\t\t<figure class=\"wpb_wrapper vc_figure\">\n\t\t\t<div class=\"vc_single_image-wrapper   vc_box_border_grey\"><img width=\"1000\" height=\"806\" src=\"https:\/\/vin8.is\/wp-content\/uploads\/2021\/06\/Gunni-Palli-Jakob.jpg\" class=\"vc_single_image-img attachment-full\" alt=\"\" decoding=\"async\" loading=\"lazy\" srcset=\"https:\/\/vin8.is\/wp-content\/uploads\/2021\/06\/Gunni-Palli-Jakob.jpg 1000w, https:\/\/vin8.is\/wp-content\/uploads\/2021\/06\/Gunni-Palli-Jakob-300x242.jpg 300w, https:\/\/vin8.is\/wp-content\/uploads\/2021\/06\/Gunni-Palli-Jakob-768x619.jpg 768w, https:\/\/vin8.is\/wp-content\/uploads\/2021\/06\/Gunni-Palli-Jakob-16x12.jpg 16w\" sizes=\"(max-width: 1000px) 100vw, 1000px\" \/><\/div>\n\t\t<\/figure>\n\t<\/div>\n<\/div><\/div><\/div><div class=\"wpb_column vc_column_container vc_col-sm-12 vc_col-lg-6 vc_col-md-6\"><div class=\"vc_column-inner vc_custom_1460549807462\"><div class=\"wpb_wrapper\">\n\t<div class=\"title-subtitle-box\" style=\" margin-bottom:90px; text-align: center;\">\n\t\t<p style=\" color:#9c3849; \">Vin8<\/p>\n\t\t<h1 style=\" color:#9c3849;  font-weight: normal;\" >V\u00edn \u00ed h\u00e6sta g\u00e6\u00f0a flokki<\/h1>\n\t<\/div> \n\t<div class=\"wpb_text_column wpb_content_element\" >\n\t\t<div class=\"wpb_wrapper\">\n\t\t\t<p style=\"text-align: center;\"><strong>Vin8<\/strong> er heildverslun sem flytur inn f\u00e1g\u00e6t rau\u00f0v\u00edn, hv\u00edtv\u00edn og kampav\u00edn fr\u00e1 Argent\u00ednu, Frakklandi og v\u00ed\u00f0ar a\u00f0 \u00far heiminum.<\/p>\n<p style=\"text-align: center;\">A\u00f0 baki <strong>Vin8<\/strong> standa Gunnar P\u00e1ll R\u00fanarsson og Jakob Hrafnsson<\/p>\n<p style=\"text-align: center;\">Gunnar P\u00e1ll er v\u00edns\u00e9rfr\u00e6\u00f0ingur Vin8, \u00a0b\u00fainn a\u00f0 vinna \u00ed veitinga- og v\u00edngeiranum \u00ed r\u00fam 30 \u00e1r. \u00c1 \u00feessum t\u00edma hefur hann kynnst d\u00e1samlegum v\u00ednum sem hann hefur langa\u00f0 a\u00f0 kynna fyrir \u00cdslendingum.<\/p>\n\n\t\t<\/div>\n\t<\/div>\n<\/div><\/div><\/div><\/div><div class=\"vc_row-full-width vc_clearfix\"><\/div><div data-vc-full-width=\"true\" data-vc-full-width-init=\"false\" class=\"vc_row wpb_row vc_row-fluid vc_custom_1623749045174 vc_row-has-fill\"><div class=\"wpb_column vc_column_container vc_col-sm-12 vc_col-lg-6 vc_col-md-6\"><div class=\"vc_column-inner vc_custom_1460628359633\"><div class=\"wpb_wrapper\">\n\t<div  class=\"wpb_single_image wpb_content_element vc_align_left  vc_custom_1623688648044\">\n\t\t\n\t\t<figure class=\"wpb_wrapper vc_figure\">\n\t\t\t<div class=\"vc_single_image-wrapper   vc_box_border_grey\"><img width=\"2330\" height=\"2500\" src=\"https:\/\/vin8.is\/wp-content\/uploads\/2021\/06\/vinsmakk.jpg\" class=\"vc_single_image-img attachment-full\" alt=\"\" decoding=\"async\" loading=\"lazy\" srcset=\"https:\/\/vin8.is\/wp-content\/uploads\/2021\/06\/vinsmakk.jpg 2330w, https:\/\/vin8.is\/wp-content\/uploads\/2021\/06\/vinsmakk-280x300.jpg 280w, https:\/\/vin8.is\/wp-content\/uploads\/2021\/06\/vinsmakk-954x1024.jpg 954w, https:\/\/vin8.is\/wp-content\/uploads\/2021\/06\/vinsmakk-768x824.jpg 768w, https:\/\/vin8.is\/wp-content\/uploads\/2021\/06\/vinsmakk-1432x1536.jpg 1432w, https:\/\/vin8.is\/wp-content\/uploads\/2021\/06\/vinsmakk-1909x2048.jpg 1909w, https:\/\/vin8.is\/wp-content\/uploads\/2021\/06\/vinsmakk-11x12.jpg 11w\" sizes=\"(max-width: 2330px) 100vw, 2330px\" \/><\/div>\n\t\t<\/figure>\n\t<\/div>\n<\/div><\/div><\/div><div class=\"wpb_column vc_column_container vc_col-sm-12 vc_col-lg-6 vc_col-md-6\"><div class=\"vc_column-inner vc_custom_1623748765757\"><div class=\"wpb_wrapper\">\n\t<div class=\"title-subtitle-box\" style=\" margin-bottom:90px; text-align: left;\">\n\t\t<h1 style=\" color:#9c3849;  font-weight: normal;\" >V\u00ednsm\u00f6kkun &amp; fr\u00e6\u00f0sla<\/h1>\n\t<\/div> \n\t<div class=\"wpb_text_column wpb_content_element  vc_custom_1623750354041\" >\n\t\t<div class=\"wpb_wrapper\">\n\t\t\t<p style=\"text-align: center;\"><span style=\"font-weight: 400;\">Vin8 b\u00fd\u00f0ur upp \u00e1 v\u00ednsm\u00f6kkun &amp; fr\u00e6\u00f0slu fyrir st\u00f3ra og sm\u00e1a h\u00f3pa. \u00de\u00e1tttakendur komast \u00ed kynni vi\u00f0 v\u00edn sem hafa ekki veri\u00f0 \u00ed bo\u00f0i \u00e1 \u00cdslandi og fr\u00e6\u00f0ast um v\u00ednin, v\u00ednh\u00fasin, framlei\u00f0sluferli\u00f0 og allt \u00fea\u00f0 d\u00e1samlega sem \u00feeim tengist.<\/span><\/p>\n\n\t\t<\/div>\n\t<\/div>\n<div class=\"vc_btn3-container vc_btn3-center\" ><a style=\"background-color:#9c3849; color:#ffffff;\" class=\"vc_general vc_btn3 vc_btn3-size-md vc_btn3-shape-square vc_btn3-style-custom\" href=\"https:\/\/vin8.is\/en\/smakk\/\" title=\"Contact\">N\u00e1nar<\/a><\/div><\/div><\/div><\/div><\/div><div class=\"vc_row-full-width vc_clearfix\"><\/div>","protected":false},"excerpt":{"rendered":"Vin8 V\u00edn \u00ed h\u00e6sta g\u00e6\u00f0a flokki Vin8 er heildverslun sem flytur inn f\u00e1g\u00e6t rau\u00f0v\u00edn, hv\u00edtv\u00edn og kampav\u00edn fr\u00e1 Argent\u00ednu, Frakklandi og v\u00ed\u00f0ar a\u00f0 \u00far heiminum. A\u00f0 baki Vin8 standa Gunnar<br class=\"read-more-spacer\"> <a class=\"more-link\" href=\"https:\/\/vin8.is\/en\/\">Read More<\/a>","protected":false},"author":1,"featured_media":0,"parent":0,"menu_order":0,"comment_status":"closed","ping_status":"closed","template":"","meta":[],"_links":{"self":[{"href":"https:\/\/vin8.is\/en\/wp-json\/wp\/v2\/pages\/193"}],"collection":[{"href":"https:\/\/vin8.is\/en\/wp-json\/wp\/v2\/pages"}],"about":[{"href":"https:\/\/vin8.is\/en\/wp-json\/wp\/v2\/types\/page"}],"author":[{"embeddable":true,"href":"https:\/\/vin8.is\/en\/wp-json\/wp\/v2\/users\/1"}],"replies":[{"embeddable":true,"href":"https:\/\/vin8.is\/en\/wp-json\/wp\/v2\/comments?post=193"}],"version-history":[{"count":38,"href":"https:\/\/vin8.is\/en\/wp-json\/wp\/v2\/pages\/193\/revisions"}],"predecessor-version":[{"id":1403,"href":"https:\/\/vin8.is\/en\/wp-json\/wp\/v2\/pages\/193\/revisions\/1403"}],"wp:attachment":[{"href":"https:\/\/vin8.is\/en\/wp-json\/wp\/v2\/media?parent=193"}],"curies":[{"name":"wp","href":"https:\/\/api.w.org\/{rel}","templated":true}]}}