{"id":490,"date":"2016-03-21T12:18:13","date_gmt":"2016-03-21T12:18:13","guid":{"rendered":"http:\/\/okthemes.com\/villenoirdemo\/?page_id=490"},"modified":"2023-02-09T22:54:34","modified_gmt":"2023-02-09T22:54:34","slug":"vinhus","status":"publish","type":"page","link":"https:\/\/vin8.is\/en\/vinhus\/","title":{"rendered":"V\u00ednh\u00fas"},"content":{"rendered":"<div data-vc-full-width=\"true\" data-vc-full-width-init=\"false\" data-vc-stretch-content=\"true\" class=\"vc_row wpb_row vc_row-fluid vc_custom_1458562782643 vc_row-no-padding vc_row-o-equal-height vc_row-o-content-middle vc_row-flex\"><div class=\"wpb_column vc_column_container vc_col-sm-12 vc_col-lg-6 vc_col-md-6\"><div class=\"vc_column-inner vc_custom_1460369218397\"><div class=\"wpb_wrapper\">\n\t<div  class=\"wpb_single_image wpb_content_element vc_align_left  vc_custom_1623748029596\">\n\t\t\n\t\t<figure class=\"wpb_wrapper vc_figure\">\n\t\t\t<div class=\"vc_single_image-wrapper   vc_box_border_grey\"><img width=\"1671\" height=\"2415\" src=\"https:\/\/vin8.is\/wp-content\/uploads\/2021\/06\/Cosecha-Merlot-LP-II.jpg\" class=\"vc_single_image-img attachment-full\" alt=\"\" decoding=\"async\" loading=\"lazy\" srcset=\"https:\/\/vin8.is\/wp-content\/uploads\/2021\/06\/Cosecha-Merlot-LP-II.jpg 1671w, https:\/\/vin8.is\/wp-content\/uploads\/2021\/06\/Cosecha-Merlot-LP-II-208x300.jpg 208w, https:\/\/vin8.is\/wp-content\/uploads\/2021\/06\/Cosecha-Merlot-LP-II-709x1024.jpg 709w, https:\/\/vin8.is\/wp-content\/uploads\/2021\/06\/Cosecha-Merlot-LP-II-768x1110.jpg 768w, https:\/\/vin8.is\/wp-content\/uploads\/2021\/06\/Cosecha-Merlot-LP-II-1063x1536.jpg 1063w, https:\/\/vin8.is\/wp-content\/uploads\/2021\/06\/Cosecha-Merlot-LP-II-1417x2048.jpg 1417w, https:\/\/vin8.is\/wp-content\/uploads\/2021\/06\/Cosecha-Merlot-LP-II-8x12.jpg 8w\" sizes=\"(max-width: 1671px) 100vw, 1671px\" \/><\/div>\n\t\t<\/figure>\n\t<\/div>\n<\/div><\/div><\/div><div class=\"wpb_column vc_column_container vc_col-sm-12 vc_col-lg-6 vc_col-md-6 vc_col-has-fill\"><div class=\"vc_column-inner vc_custom_1623692021373\"><div class=\"wpb_wrapper\">\n\t<div class=\"title-subtitle-box\" style=\" text-align: left;\">\n\t\t<p style=\"\">Argent\u00edna<\/p>\n\t\t<h2 style=\" color:#ffffff;  font-weight: normal;\" >Salentein<\/h2>\n\t<\/div> \n\t<div class=\"wpb_text_column wpb_content_element  vc_custom_1623691948356\" >\n\t\t<div class=\"wpb_wrapper\">\n\t\t\t<p><span style=\"color: #ffffff;\">Stofna\u00f0 af frumkv\u00f6\u00f0linum Myndert Pon 1996. Um 1990 breyttist v\u00ednr\u00e6ktun \u00ed Argent\u00ednu og ur\u00f0u meiri g\u00e6\u00f0i r\u00edkjandi \u00ed framlei\u00f0slunni \u00fear \u00ed landi. Salentein \u00e1 um 2.000 hektara landsv\u00e6\u00f0i og n\u00fdtir um 800 af \u00feeim undir v\u00ednger\u00f0. 5 v\u00ednekrur eru \u00ed 1.050-1.700 m. Yfir sj\u00e1varm\u00e1li og eru 5 mismunandi n\u00e6rvi\u00f0ri (microclimate) \u00e1 ekki nema 22 km loftl\u00ednu. \u00dea\u00f0 er svalt ey\u00f0imerkurloftslag sem fylgir \u00feessari h\u00e6\u00f0 yfir sj\u00e1varm\u00e1li, sem gerir \u00fea\u00f0 a\u00f0 verkum a\u00f0 berin f\u00e1 mikinn hita og s\u00f3l yfir daginn en kalt n\u00e6turlofti\u00f0 h\u00e6gir \u00e1 \u00feroska og styrkir h\u00fa\u00f0ina \u00e1 berjunum og \u00fearf \u00fe\u00e1 minna af efnum til a\u00f0 vernda berin fyrir alls kyns \u00f3v\u00e6ru.<\/span><br \/>\n<span style=\"color: #ffffff;\">Fremsti og virtasti v\u00ednger\u00f0arma\u00f0ur Argent\u00ednu Jos\u00e9 (Pepe) Galante st\u00fdrir v\u00ednger\u00f0inni hj\u00e1 Salentein en hann hefur starfa\u00f0 hj\u00e1 h\u00fasinu s\u00ed\u00f0an 2010. \u00c1\u00f0ur f\u00f3r hann fyrir Catena Zapata \u00ed yfir 30 \u00e1r og fer ekki \u00e1 milli m\u00e1la a\u00f0 \u00feetta er einn f\u00e6rasti v\u00ednger\u00f0arma\u00f0ur sem fyrirfinnst. Hann hefur einnig unni\u00f0 me\u00f0 fj\u00f6lda v\u00ednframlei\u00f0enda v\u00ed\u00f0svegar um heiminn, \u00fear me\u00f0 tali\u00f0 \u00ed Frakklandi.<\/span><\/p>\n<p><span style=\"color: #ffffff;\">\u00de\u00e1 er Salentein er me\u00f0 einstaka hugsj\u00f3n \u00feegar kemur a\u00f0 samr\u00e6mingu n\u00fdtingar og verndunar landsins. \u00deau n\u00e1 a\u00f0 l\u00e1gmarka vatnsnotkun \u00ed v\u00ednger\u00f0 sinni \u00feannig h\u00fan er 1\/3 af \u00fev\u00ed sem gengur og gerist a\u00f0 me\u00f0altali hj\u00e1 \u00f6\u00f0rum v\u00ednframlei\u00f0endum. \u00de\u00e1 eru \u00feau mj\u00f6g \u00f6flug \u00ed endur n\u00e6ringu \u00e1 jar\u00f0veginum me\u00f0 vistv\u00e6num h\u00e6tti. Salentein rekur einnig l\u00faxus resort \u00fear sem gestir geta noti\u00f0 alls hins besta en \u00fear er a\u00f0 finna listagaller\u00ed, kapellu, spa auk h\u00e1g\u00e6\u00f0a v\u00edns og matar. Kl\u00e1rlega eitt besta h\u00fas Argent\u00ednu.<\/span><\/p>\n\n\t\t<\/div>\n\t<\/div>\n<\/div><\/div><\/div><\/div><div class=\"vc_row-full-width vc_clearfix\"><\/div><div data-vc-full-width=\"true\" data-vc-full-width-init=\"false\" data-vc-stretch-content=\"true\" class=\"vc_row wpb_row vc_row-fluid vc_custom_1458558211443 vc_row-no-padding vc_row-o-equal-height vc_row-o-content-middle vc_row-flex\"><div class=\"wpb_column vc_column_container vc_col-sm-12 vc_col-lg-6 vc_col-md-6 vc_col-has-fill\"><div class=\"vc_column-inner vc_custom_1623692034712\"><div class=\"wpb_wrapper\">\n\t<div class=\"title-subtitle-box\" style=\" text-align: left;\">\n\t\t<p style=\"\">Argent\u00edna<\/p>\n\t\t<h2 style=\" font-weight: normal;\" >Family Falasco<\/h2>\n\t<\/div> \n\t<div class=\"wpb_text_column wpb_content_element  vc_custom_1623673481103\" >\n\t\t<div class=\"wpb_wrapper\">\n\t\t\t<p>V\u00ednh\u00fas Family Falasco er sta\u00f0sett \u00ed 1200 m h\u00e6\u00f0 yfir sj\u00e1varm\u00e1li \u00ed Ucodalnum \u00ed Mendoza h\u00e9ra\u00f0i Argent\u00ednu. Fyrirt\u00e6ki\u00f0 var stofna\u00f0 \u00ed seinni heimstyrj\u00f6ldinni \u00e1ri\u00f0 1939 af Octavio Rufino Falasco og er \u00ed dag reki\u00f0 af 4. kynsl\u00f3\u00f0 fj\u00f6lskyldunnar.<br \/>\nFalasco h\u00f3f starfsemina \u00e1 \u00fev\u00ed a\u00f0 selja v\u00edn beint af rei\u00f0hj\u00f3li s\u00ednu og \u00e1tta\u00f0i sig flj\u00f3tt \u00e1 t\u00e6kif\u00e6rum \u00ed a\u00f0 framlei\u00f0a g\u00e6\u00f0a \u00fer\u00fagur og h\u00f3f r\u00e6ktun \u00ed Mendoza. V\u00f6xtur fyrirt\u00e6kisins hefur veri\u00f0 jafn og \u00fe\u00e9ttur og er h\u00fasi\u00f0 \u00ed dag eitt \u00fea\u00f0 st\u00e6rsta \u00fear \u00ed landi.<br \/>\n\u00der\u00fagurnar eru af v\u00ednvi\u00f0i sem er r\u00e6kta\u00f0ur \u00ed mismunandi jar\u00f0vegi, ve\u00f0urfari og sv\u00e6\u00f0um innan Mendoza, \u00fear sem veturnir eru svalir, sumrin \u00feurr og heit, svalar n\u00e6tur, frj\u00f3r jar\u00f0vegur og vatn \u00far Andesfj\u00f6llunum tryggir h\u00e1g\u00e6\u00f0a v\u00f6ru b\u00e6\u00f0i \u00ed yngri v\u00ednum og \u00feeim sem hafa m\u00f6guleika \u00e1 a\u00f0 eldast vel.<\/p>\n\n\t\t<\/div>\n\t<\/div>\n<\/div><\/div><\/div><div class=\"wpb_column vc_column_container vc_col-sm-12 vc_col-lg-6 vc_col-md-6\"><div class=\"vc_column-inner vc_custom_1460369372764\"><div class=\"wpb_wrapper\">\n\t<div  class=\"wpb_single_image wpb_content_element vc_align_left  vc_custom_1623748343908\">\n\t\t\n\t\t<figure class=\"wpb_wrapper vc_figure\">\n\t\t\t<div class=\"vc_single_image-wrapper   vc_box_border_grey\"><img width=\"642\" height=\"840\" src=\"https:\/\/vin8.is\/wp-content\/uploads\/2021\/06\/Vi\u0301nekra-fjo\u0308ll-portrait.jpg\" class=\"vc_single_image-img attachment-full\" alt=\"\" decoding=\"async\" loading=\"lazy\" srcset=\"https:\/\/vin8.is\/wp-content\/uploads\/2021\/06\/Vi\u0301nekra-fjo\u0308ll-portrait.jpg 642w, https:\/\/vin8.is\/wp-content\/uploads\/2021\/06\/Vi\u0301nekra-fjo\u0308ll-portrait-229x300.jpg 229w, https:\/\/vin8.is\/wp-content\/uploads\/2021\/06\/Vi\u0301nekra-fjo\u0308ll-portrait-9x12.jpg 9w\" sizes=\"(max-width: 642px) 100vw, 642px\" \/><\/div>\n\t\t<\/figure>\n\t<\/div>\n<\/div><\/div><\/div><\/div><div class=\"vc_row-full-width vc_clearfix\"><\/div><div data-vc-full-width=\"true\" data-vc-full-width-init=\"false\" data-vc-stretch-content=\"true\" class=\"vc_row wpb_row vc_row-fluid vc_custom_1458562782643 vc_row-no-padding vc_row-o-equal-height vc_row-o-content-middle vc_row-flex\"><div class=\"wpb_column vc_column_container vc_col-sm-12 vc_col-lg-6 vc_col-md-6\"><div class=\"vc_column-inner vc_custom_1460369218397\"><div class=\"wpb_wrapper\">\n\t<div  class=\"wpb_single_image wpb_content_element vc_align_left  vc_custom_1623748150071\">\n\t\t\n\t\t<figure class=\"wpb_wrapper vc_figure\">\n\t\t\t<div class=\"vc_single_image-wrapper   vc_box_border_grey\"><img width=\"720\" height=\"960\" src=\"https:\/\/vin8.is\/wp-content\/uploads\/2021\/06\/Oenotheque-Dufouleur-Freres.jpg\" class=\"vc_single_image-img attachment-full\" alt=\"\" decoding=\"async\" loading=\"lazy\" srcset=\"https:\/\/vin8.is\/wp-content\/uploads\/2021\/06\/Oenotheque-Dufouleur-Freres.jpg 720w, https:\/\/vin8.is\/wp-content\/uploads\/2021\/06\/Oenotheque-Dufouleur-Freres-225x300.jpg 225w, https:\/\/vin8.is\/wp-content\/uploads\/2021\/06\/Oenotheque-Dufouleur-Freres-9x12.jpg 9w\" sizes=\"(max-width: 720px) 100vw, 720px\" \/><\/div>\n\t\t<\/figure>\n\t<\/div>\n<\/div><\/div><\/div><div class=\"wpb_column vc_column_container vc_col-sm-12 vc_col-lg-6 vc_col-md-6 vc_col-has-fill\"><div class=\"vc_column-inner vc_custom_1623692044944\"><div class=\"wpb_wrapper\">\n\t<div class=\"title-subtitle-box\" style=\" text-align: left;\">\n\t\t<p style=\"\">Frakkland<\/p>\n\t\t<h2 style=\" color:#ffffff;  font-weight: normal;\" >Freres<\/h2>\n\t<\/div> \n\t<div class=\"wpb_text_column wpb_content_element  vc_custom_1623673717614\" >\n\t\t<div class=\"wpb_wrapper\">\n\t\t\t<p><span style=\"color: #ffffff;\">Dufouleur Fr\u00e8res er sta\u00f0sett \u00ed Nuits \u00ed Burgundy \u00ed Frakklandi og rekur s\u00f6gu s\u00edna til 16. aldar \u00feegar forfe\u00f0ur v\u00ednh\u00fassins unnu vi\u00f0 a\u00f0 \u00fejappa ber til v\u00ednger\u00f0ar og er starfsheiti\u00f0 Fouleur, e\u00f0a sama nafn og h\u00fasi\u00f0 ber, komi\u00f0 fr\u00e1 \u00feeim t\u00edma. <\/span><br \/>\n<span style=\"color: #ffffff;\">Symphorien Dufouleur var\u00f0 svo fyrsti fj\u00f6lskyldume\u00f0limurinn til a\u00f0 b\u00e6ta starfsheitinu v\u00ednger\u00f0arma\u00f0ur \u00e1 ferilskr\u00e1 s\u00edn og eignast sitt eigi\u00f0 fyrirt\u00e6ki \u00ed v\u00ednger\u00f0. V\u00ednh\u00fasi\u00f0 var\u00f0 flj\u00f3tt eitt af f\u00ednustu v\u00ednh\u00fasum \u00ed Nuits-Saint-Georges. \u00cd kringum 1930 t\u00f3ku afkomendur hans Bernard, Hubert og Jean Dufouleur vi\u00f0 b\u00fainu og \u00feau, \u00e1samt f\u00f6\u00f0ur s\u00ednum stofnu\u00f0u Maison Dufouleur Fr\u00e8res \u00ed Ch\u00e2teau \u00ed Nuits.<\/span><br \/>\n<span style=\"color: #ffffff;\">H\u00fasi\u00f0 er \u00ed dag reki\u00f0 af Marc, Fran\u00e7ois-Xavier og Jean DUFOULEUR sem bera kyndilinn \u00e1fram.<\/span><br \/>\n<span style=\"color: #ffffff;\">H\u00e9r erum vi\u00f0 me\u00f0 gj\u00f6rsamlega d\u00e1samlegt B\u00fargundarh\u00fas og fj\u00f6lbreytt \u00farval af h\u00e1g\u00e6\u00f0a v\u00ednum.<\/span><\/p>\n\n\t\t<\/div>\n\t<\/div>\n<\/div><\/div><\/div><\/div><div class=\"vc_row-full-width vc_clearfix\"><\/div><div data-vc-full-width=\"true\" data-vc-full-width-init=\"false\" data-vc-stretch-content=\"true\" class=\"vc_row wpb_row vc_row-fluid vc_custom_1458558211443 vc_row-no-padding vc_row-o-equal-height vc_row-o-content-middle vc_row-flex\"><div class=\"wpb_column vc_column_container vc_col-sm-12 vc_col-lg-6 vc_col-md-6 vc_col-has-fill\"><div class=\"vc_column-inner vc_custom_1623692057067\"><div class=\"wpb_wrapper\">\n\t<div class=\"title-subtitle-box\" style=\" text-align: left;\">\n\t\t<p style=\"\">Frakkland<\/p>\n\t\t<h2 style=\" font-weight: normal;\" >Henri Giraud<\/h2>\n\t<\/div> \n\t<div class=\"wpb_text_column wpb_content_element  vc_custom_1623673762225\" >\n\t\t<div class=\"wpb_wrapper\">\n\t\t\t<p>Kampav\u00ednsh\u00fasi\u00f0 Henri Giraud er \u00ed \u00c4y \u00ed Champagne h\u00e9ra\u00f0i. H\u00fasi\u00f0 var stofna\u00f0 \u00e1ri\u00f0 1625 og hefur veri\u00f0 reki\u00f0 af fj\u00f6lskyldunni alla t\u00ed\u00f0. Claude Giraud er af 12. kynsl\u00f3\u00f0 og fer yfir h\u00fasinu \u00ed dag \u00e1samt S\u00e9bastien Le Golvet, sem er giftur inn \u00ed fj\u00f6lskylduna, og er V\u00ednger\u00f0arma\u00f0ur \u00feessa flotta kampav\u00ednsh\u00fass.<br \/>\nH\u00fasi\u00f0 er eitt \u00fea\u00f0 minnsta \u00ed h\u00e9ra\u00f0inu og framlei\u00f0ir um 250.000 fl\u00f6skur \u00e1 \u00e1ri. V\u00ednin \u00feroskast \u00e1 eikartunnum e\u00f0a \u00ed egglaga leirkerjum sem gefa v\u00ednunum ekki bara \u00f6ndun, heldur eru \u00feau einnig sm\u00e1 \u00ed st\u00e6r\u00f0 og gefa v\u00edninu \u00fear me\u00f0 t\u00e6kif\u00e6ri til a\u00f0 \u00feroskast saman \u00ed g\u00f3\u00f0u t\u00f3mi.<br \/>\nFr\u00e1 \u00e1rinu 2016 var \u00e1kve\u00f0i\u00f0 a\u00f0 fara aftur \u00ed upprunan og fjarl\u00e6gja alla st\u00e1ltanka \u00far framlei\u00f0slunni og er alfari\u00f0 notast vi\u00f0 handger\u00f0ar eikartunnur \u00far Argonne sk\u00f3ginum. Allar tunnur eru rekjanlegar ni\u00f0ur \u00e1 einstakt tr\u00e9 og landsv\u00e6\u00f0i og eru haf\u00f0ar \u00ed minni kantinum.<\/p>\n<p>\u00c1ri\u00f0 2020 var Argonne 2012 vali\u00f0 besta kampav\u00edn \u00ed heimi af James Suckling. Kampav\u00edn fr\u00e1 Henri Giraud er \u00ed bo\u00f0i \u00e1 yfir 300 Michelin veitingast\u00f6\u00f0um \u00fat um allan heim.<\/p>\n\n\t\t<\/div>\n\t<\/div>\n<\/div><\/div><\/div><div class=\"wpb_column vc_column_container vc_col-sm-12 vc_col-lg-6 vc_col-md-6\"><div class=\"vc_column-inner vc_custom_1460369372764\"><div class=\"wpb_wrapper\">\n\t<div  class=\"wpb_single_image wpb_content_element vc_align_left  vc_custom_1623748249587\">\n\t\t\n\t\t<figure class=\"wpb_wrapper vc_figure\">\n\t\t\t<div class=\"vc_single_image-wrapper   vc_box_border_grey\"><img width=\"1707\" height=\"2560\" src=\"https:\/\/vin8.is\/wp-content\/uploads\/2021\/06\/MV_rose\u0301_amb_01-scaled.jpg\" class=\"vc_single_image-img attachment-full\" alt=\"\" decoding=\"async\" loading=\"lazy\" srcset=\"https:\/\/vin8.is\/wp-content\/uploads\/2021\/06\/MV_rose\u0301_amb_01-scaled.jpg 1707w, https:\/\/vin8.is\/wp-content\/uploads\/2021\/06\/MV_rose\u0301_amb_01-200x300.jpg 200w, https:\/\/vin8.is\/wp-content\/uploads\/2021\/06\/MV_rose\u0301_amb_01-683x1024.jpg 683w, https:\/\/vin8.is\/wp-content\/uploads\/2021\/06\/MV_rose\u0301_amb_01-768x1152.jpg 768w, https:\/\/vin8.is\/wp-content\/uploads\/2021\/06\/MV_rose\u0301_amb_01-1024x1536.jpg 1024w, https:\/\/vin8.is\/wp-content\/uploads\/2021\/06\/MV_rose\u0301_amb_01-1365x2048.jpg 1365w, https:\/\/vin8.is\/wp-content\/uploads\/2021\/06\/MV_rose\u0301_amb_01-8x12.jpg 8w\" sizes=\"(max-width: 1707px) 100vw, 1707px\" \/><\/div>\n\t\t<\/figure>\n\t<\/div>\n<\/div><\/div><\/div><\/div><div class=\"vc_row-full-width vc_clearfix\"><\/div>","protected":false},"excerpt":{"rendered":"Argent\u00edna Salentein Stofna\u00f0 af frumkv\u00f6\u00f0linum Myndert Pon 1996. Um 1990 breyttist v\u00ednr\u00e6ktun \u00ed Argent\u00ednu og ur\u00f0u meiri g\u00e6\u00f0i r\u00edkjandi \u00ed framlei\u00f0slunni \u00fear \u00ed landi. Salentein \u00e1 um 2.000 hektara landsv\u00e6\u00f0i<br class=\"read-more-spacer\"> <a class=\"more-link\" href=\"https:\/\/vin8.is\/en\/vinhus\/\">Read More<\/a>","protected":false},"author":1,"featured_media":0,"parent":0,"menu_order":0,"comment_status":"closed","ping_status":"closed","template":"","meta":[],"_links":{"self":[{"href":"https:\/\/vin8.is\/en\/wp-json\/wp\/v2\/pages\/490"}],"collection":[{"href":"https:\/\/vin8.is\/en\/wp-json\/wp\/v2\/pages"}],"about":[{"href":"https:\/\/vin8.is\/en\/wp-json\/wp\/v2\/types\/page"}],"author":[{"embeddable":true,"href":"https:\/\/vin8.is\/en\/wp-json\/wp\/v2\/users\/1"}],"replies":[{"embeddable":true,"href":"https:\/\/vin8.is\/en\/wp-json\/wp\/v2\/comments?post=490"}],"version-history":[{"count":12,"href":"https:\/\/vin8.is\/en\/wp-json\/wp\/v2\/pages\/490\/revisions"}],"predecessor-version":[{"id":1406,"href":"https:\/\/vin8.is\/en\/wp-json\/wp\/v2\/pages\/490\/revisions\/1406"}],"wp:attachment":[{"href":"https:\/\/vin8.is\/en\/wp-json\/wp\/v2\/media?parent=490"}],"curies":[{"name":"wp","href":"https:\/\/api.w.org\/{rel}","templated":true}]}}